{"id":71,"date":"2019-10-01T22:06:01","date_gmt":"2019-10-01T20:06:01","guid":{"rendered":"http:\/\/expertosenasesoria.com\/?page_id=71"},"modified":"2020-08-05T03:02:40","modified_gmt":"2020-08-05T08:02:40","slug":"borrador-automatico-2-5","status":"publish","type":"page","link":"http:\/\/expertosenasesoria.com\/?page_id=71","title":{"rendered":"Levantamiento de Procesos"},"content":{"rendered":"<div class=\"vce-row-container\"><div class=\"vce-row vce-row--col-gap-30 vce-row-columns--top vce-row-content--top\" id=\"el-8cac3cd1\" data-vce-do-apply=\"all el-8cac3cd1\"><div class=\"vce-row-content\" data-vce-element-content=\"true\"><div class=\"vce-col vce-col--md-auto vce-col--xs-1 vce-col--xs-last vce-col--xs-first vce-col--sm-last vce-col--sm-first vce-col--md-first vce-col--lg-first vce-col--xl-first\" id=\"el-7799ac86\"><div class=\"vce-col-inner\" data-vce-do-apply=\"border margin background  el-7799ac86\"><div class=\"vce-col-content\" data-vce-element-content=\"true\" data-vce-do-apply=\"padding el-7799ac86\"><div class=\"vce-single-image-container vce-single-image--align-center\"><div class=\"vce vce-single-image-wrapper\" id=\"el-295c829c\" data-vce-do-apply=\"all el-295c829c\"><figure><div class=\"vce-single-image-inner vce-single-image--absolute\" style=\"padding-bottom: 62.069%; width: 551px;\"><img class=\"vce-single-image\" src=\"http:\/\/expertosenasesoria.com\/wp-content\/uploads\/2019\/10\/servicios_07.jpg\" data-img-src=\"http:\/\/expertosenasesoria.com\/wp-content\/uploads\/2019\/10\/servicios_07.jpg\" alt=\"\" title=\"servicios_07\"><\/div><\/figure><\/div><\/div><\/div><\/div><\/div><div class=\"vce-col vce-col--md-auto vce-col--xs-1 vce-col--xs-last vce-col--xs-first vce-col--sm-last vce-col--sm-first vce-col--md-last vce-col--lg-last vce-col--xl-last\" id=\"el-19c31422\"><div class=\"vce-col-inner\" data-vce-do-apply=\"border margin background  el-19c31422\"><div class=\"vce-col-content\" data-vce-element-content=\"true\" data-vce-do-apply=\"padding el-19c31422\"><div class=\"vce-text-block\"><div class=\"vce-text-block-wrapper vce\" id=\"el-144e5040\" data-vce-do-apply=\"all el-144e5040\"><h2>Levantamiento de Procesos y Elaboraci\u00f3n de Manuales<\/h2>\nEl manual de procedimientos contiene una descripci\u00f3n precisa de c\u00f3mo deben desarrollarse las actividades de cada empresa para un adecuado sistema de control. Contamos con herramientas que permiten elaborar manuales de procedimientos y sus flujogramas.<\/div><\/div><\/div><\/div><\/div><\/div><\/div><\/div>\n","protected":false},"excerpt":{"rendered":"<p>Levantamiento de Procesos y Elaboraci\u00f3n de Manuales El manual de procedimientos contiene una descripci\u00f3n precisa de c\u00f3mo deben [&hellip;]<\/p>\n","protected":false},"author":1,"featured_media":0,"parent":35,"menu_order":0,"comment_status":"closed","ping_status":"closed","template":"","meta":[],"_links":{"self":[{"href":"http:\/\/expertosenasesoria.com\/index.php?rest_route=\/wp\/v2\/pages\/71"}],"collection":[{"href":"http:\/\/expertosenasesoria.com\/index.php?rest_route=\/wp\/v2\/pages"}],"about":[{"href":"http:\/\/expertosenasesoria.com\/index.php?rest_route=\/wp\/v2\/types\/page"}],"author":[{"embeddable":true,"href":"http:\/\/expertosenasesoria.com\/index.php?rest_route=\/wp\/v2\/users\/1"}],"replies":[{"embeddable":true,"href":"http:\/\/expertosenasesoria.com\/index.php?rest_route=%2Fwp%2Fv2%2Fcomments&post=71"}],"version-history":[{"count":2,"href":"http:\/\/expertosenasesoria.com\/index.php?rest_route=\/wp\/v2\/pages\/71\/revisions"}],"predecessor-version":[{"id":73,"href":"http:\/\/expertosenasesoria.com\/index.php?rest_route=\/wp\/v2\/pages\/71\/revisions\/73"}],"up":[{"embeddable":true,"href":"http:\/\/expertosenasesoria.com\/index.php?rest_route=\/wp\/v2\/pages\/35"}],"wp:attachment":[{"href":"http:\/\/expertosenasesoria.com\/index.php?rest_route=%2Fwp%2Fv2%2Fmedia&parent=71"}],"curies":[{"name":"wp","href":"https:\/\/api.w.org\/{rel}","templated":true}]}}