{"id":68,"date":"2019-10-01T21:58:41","date_gmt":"2019-10-01T19:58:41","guid":{"rendered":"http:\/\/expertosenasesoria.com\/?page_id=68"},"modified":"2020-08-07T01:21:42","modified_gmt":"2020-08-07T06:21:42","slug":"borrador-automatico-2-4","status":"publish","type":"page","link":"http:\/\/expertosenasesoria.com\/?page_id=68","title":{"rendered":"Finanzas Corporativas y valoraci\u00f3n de activos"},"content":{"rendered":"<div class=\"vce-row-container\"><div class=\"vce-row vce-row--col-gap-30 vce-row-columns--top vce-row-content--top\" id=\"el-2ae62766\" data-vce-do-apply=\"all el-2ae62766\"><div class=\"vce-row-content\" data-vce-element-content=\"true\"><div class=\"vce-col vce-col--md-auto vce-col--xs-1 vce-col--xs-last vce-col--xs-first vce-col--sm-last vce-col--sm-first vce-col--md-first vce-col--lg-first vce-col--xl-first\" id=\"el-48170f34\"><div class=\"vce-col-inner\" data-vce-do-apply=\"border margin background  el-48170f34\"><div class=\"vce-col-content\" data-vce-element-content=\"true\" data-vce-do-apply=\"padding el-48170f34\"><div class=\"vce-single-image-container vce-single-image--align-center\"><div class=\"vce vce-single-image-wrapper\" id=\"el-6cfcea54\" data-vce-do-apply=\"all el-6cfcea54\"><figure><div class=\"vce-single-image-inner vce-single-image--absolute\" style=\"padding-bottom: 65.8203%; width: 512px;\"><img class=\"vce-single-image\" src=\"http:\/\/expertosenasesoria.com\/wp-content\/uploads\/2020\/08\/Consultoria-.jpg\" data-img-src=\"http:\/\/expertosenasesoria.com\/wp-content\/uploads\/2020\/08\/Consultoria-.jpg\" alt=\"\" title=\"Consultoria\"><\/div><figcaption hidden=\"\"><\/figcaption><\/figure><\/div><\/div><\/div><\/div><\/div><div class=\"vce-col vce-col--md-auto vce-col--xs-1 vce-col--xs-last vce-col--xs-first vce-col--sm-last vce-col--sm-first vce-col--md-last vce-col--lg-last vce-col--xl-last\" id=\"el-a83c84f6\"><div class=\"vce-col-inner\" data-vce-do-apply=\"border margin background  el-a83c84f6\"><div class=\"vce-col-content\" data-vce-element-content=\"true\" data-vce-do-apply=\"padding el-a83c84f6\"><div class=\"vce-text-block\"><div class=\"vce-text-block-wrapper vce\" id=\"el-487ea8b3\" data-vce-do-apply=\"all el-487ea8b3\"><p><span style=\"color: #0000ff;\">Asesoramos para el dise\u00f1o y desarrollo de su mejor estrategia financiera, estructuras innovadoras para b\u00fasqueda de fondeo, restructuramos financieramente sus operaciones y realizamos asesor\u00eda para conocer el valor de mercado de las compa\u00f1\u00edas y el de sus activos tanto tangibles como intangibles.<\/span><\/p><p><span style=\"color: #0000ff;\">Levantamiento de activos fijos&nbsp;<\/span><\/p><p><span style=\"color: #0000ff;\">Control de inventarios y tomas f\u00edsicas&nbsp;<\/span><\/p><p><span style=\"color: #0000ff;\">Control del Ebitda&nbsp; mediante el proceso de optimizaci\u00f3n de costos mejorando la utilidad operativa mejorando la informaci\u00f3n para socios, accionistas y terceros<\/span><\/p><\/div><\/div><\/div><\/div><\/div><\/div><\/div><\/div>\n","protected":false},"excerpt":{"rendered":"<p>Asesoramos para el dise\u00f1o y desarrollo de su mejor estrategia financiera, estructuras innovadoras para b\u00fasqueda de fondeo, restructuramos [&hellip;]<\/p>\n","protected":false},"author":1,"featured_media":0,"parent":35,"menu_order":0,"comment_status":"closed","ping_status":"closed","template":"","meta":[],"_links":{"self":[{"href":"http:\/\/expertosenasesoria.com\/index.php?rest_route=\/wp\/v2\/pages\/68"}],"collection":[{"href":"http:\/\/expertosenasesoria.com\/index.php?rest_route=\/wp\/v2\/pages"}],"about":[{"href":"http:\/\/expertosenasesoria.com\/index.php?rest_route=\/wp\/v2\/types\/page"}],"author":[{"embeddable":true,"href":"http:\/\/expertosenasesoria.com\/index.php?rest_route=\/wp\/v2\/users\/1"}],"replies":[{"embeddable":true,"href":"http:\/\/expertosenasesoria.com\/index.php?rest_route=%2Fwp%2Fv2%2Fcomments&post=68"}],"version-history":[{"count":4,"href":"http:\/\/expertosenasesoria.com\/index.php?rest_route=\/wp\/v2\/pages\/68\/revisions"}],"predecessor-version":[{"id":175,"href":"http:\/\/expertosenasesoria.com\/index.php?rest_route=\/wp\/v2\/pages\/68\/revisions\/175"}],"up":[{"embeddable":true,"href":"http:\/\/expertosenasesoria.com\/index.php?rest_route=\/wp\/v2\/pages\/35"}],"wp:attachment":[{"href":"http:\/\/expertosenasesoria.com\/index.php?rest_route=%2Fwp%2Fv2%2Fmedia&parent=68"}],"curies":[{"name":"wp","href":"https:\/\/api.w.org\/{rel}","templated":true}]}}