{"id":65,"date":"2019-10-01T21:51:56","date_gmt":"2019-10-01T19:51:56","guid":{"rendered":"http:\/\/expertosenasesoria.com\/?page_id=65"},"modified":"2020-08-07T01:15:58","modified_gmt":"2020-08-07T06:15:58","slug":"borrador-automatico-3","status":"publish","type":"page","link":"http:\/\/expertosenasesoria.com\/?page_id=65","title":{"rendered":"Auditor\u00eda Financiera"},"content":{"rendered":"<div class=\"vce-row-container\"><div class=\"vce-row vce-row--col-gap-30 vce-row-columns--top vce-row-content--top\" id=\"el-a9e6a942\" data-vce-do-apply=\"all el-a9e6a942\"><div class=\"vce-row-content\" data-vce-element-content=\"true\"><div class=\"vce-col vce-col--md-auto vce-col--xs-1 vce-col--xs-last vce-col--xs-first vce-col--sm-last vce-col--sm-first vce-col--md-first vce-col--lg-first vce-col--xl-first\" id=\"el-7c285cd2\"><div class=\"vce-col-inner\" data-vce-do-apply=\"border margin background  el-7c285cd2\"><div class=\"vce-col-content\" data-vce-element-content=\"true\" data-vce-do-apply=\"padding el-7c285cd2\"><div class=\"vce-single-image-container vce-single-image--align-center\"><div class=\"vce vce-single-image-wrapper\" id=\"el-452a7f1f\" data-vce-do-apply=\"all el-452a7f1f\"><figure><div class=\"vce-single-image-inner vce-single-image--absolute\" style=\"padding-bottom: 65.8203%; width: 512px;\"><img class=\"vce-single-image\" src=\"http:\/\/expertosenasesoria.com\/wp-content\/uploads\/2020\/08\/Auditoria.jpg\" data-img-src=\"http:\/\/expertosenasesoria.com\/wp-content\/uploads\/2020\/08\/Auditoria.jpg\" alt=\"\" title=\"Auditoria\"><\/div><figcaption hidden=\"\"><\/figcaption><\/figure><\/div><\/div><\/div><\/div><\/div><div class=\"vce-col vce-col--md-auto vce-col--xs-1 vce-col--xs-last vce-col--xs-first vce-col--sm-last vce-col--sm-first vce-col--md-last vce-col--lg-last vce-col--xl-last\" id=\"el-f1a99ffe\"><div class=\"vce-col-inner\" data-vce-do-apply=\"border margin background  el-f1a99ffe\"><div class=\"vce-col-content\" data-vce-element-content=\"true\" data-vce-do-apply=\"padding el-f1a99ffe\"><div class=\"vce-text-block\"><div class=\"vce-text-block-wrapper vce\" id=\"el-1afc8e05\" data-vce-do-apply=\"all el-1afc8e05\"><p><span style=\"color: #0000ff;\">Una auditor\u00eda efectiva requiere un profundo conocimiento de los procesos y sistemas. <\/span><\/p><p><span style=\"color: #0000ff;\">Nuestro concepto de auditor\u00eda est\u00e1 basado en un proceso \u00edntegramente dise\u00f1ado para permitir a nuestros profesionales conseguir un doble objetivo: expresar una opini\u00f3n sobre los estados financieros y agregar valor a los servicios que prestamos<\/span><\/p><p><span style=\"color: #0000ff;\">Valor agregado enfocado en asuntos tributarios contables, cumplimiento tributario y relacionados, con una asistencia oportuna a la gerencia en su responsabilidad de implantar y mantener un sistema de control interno adecuado.<\/span><\/p><\/div><\/div><\/div><\/div><\/div><\/div><\/div><\/div>\n","protected":false},"excerpt":{"rendered":"<p>Una auditor\u00eda efectiva requiere un profundo conocimiento de los procesos y sistemas. Nuestro concepto de auditor\u00eda est\u00e1 basado [&hellip;]<\/p>\n","protected":false},"author":1,"featured_media":159,"parent":35,"menu_order":0,"comment_status":"closed","ping_status":"closed","template":"","meta":[],"_links":{"self":[{"href":"http:\/\/expertosenasesoria.com\/index.php?rest_route=\/wp\/v2\/pages\/65"}],"collection":[{"href":"http:\/\/expertosenasesoria.com\/index.php?rest_route=\/wp\/v2\/pages"}],"about":[{"href":"http:\/\/expertosenasesoria.com\/index.php?rest_route=\/wp\/v2\/types\/page"}],"author":[{"embeddable":true,"href":"http:\/\/expertosenasesoria.com\/index.php?rest_route=\/wp\/v2\/users\/1"}],"replies":[{"embeddable":true,"href":"http:\/\/expertosenasesoria.com\/index.php?rest_route=%2Fwp%2Fv2%2Fcomments&post=65"}],"version-history":[{"count":3,"href":"http:\/\/expertosenasesoria.com\/index.php?rest_route=\/wp\/v2\/pages\/65\/revisions"}],"predecessor-version":[{"id":173,"href":"http:\/\/expertosenasesoria.com\/index.php?rest_route=\/wp\/v2\/pages\/65\/revisions\/173"}],"up":[{"embeddable":true,"href":"http:\/\/expertosenasesoria.com\/index.php?rest_route=\/wp\/v2\/pages\/35"}],"wp:featuredmedia":[{"embeddable":true,"href":"http:\/\/expertosenasesoria.com\/index.php?rest_route=\/wp\/v2\/media\/159"}],"wp:attachment":[{"href":"http:\/\/expertosenasesoria.com\/index.php?rest_route=%2Fwp%2Fv2%2Fmedia&parent=65"}],"curies":[{"name":"wp","href":"https:\/\/api.w.org\/{rel}","templated":true}]}}