{"id":43,"date":"2019-10-01T19:27:25","date_gmt":"2019-10-01T17:27:25","guid":{"rendered":"http:\/\/expertosenasesoria.com\/?page_id=43"},"modified":"2020-08-07T01:09:44","modified_gmt":"2020-08-07T06:09:44","slug":"borrador-automatico-2","status":"publish","type":"page","link":"http:\/\/expertosenasesoria.com\/?page_id=43","title":{"rendered":"Declaraciones de Impuestos y Anexos"},"content":{"rendered":"<div class=\"vce-row-container\"><div class=\"vce-row vce-row--col-gap-30 vce-row-columns--top vce-row-content--top\" id=\"el-66789a0c\" data-vce-do-apply=\"all el-66789a0c\"><div class=\"vce-row-content\" data-vce-element-content=\"true\"><div class=\"vce-col vce-col--md-47-79p vce-col--xs-1 vce-col--xs-last vce-col--xs-first vce-col--sm-last vce-col--sm-first vce-col--md-first vce-col--lg-first vce-col--xl-first\" id=\"el-e33d4fbf\"><div class=\"vce-col-inner\" data-vce-do-apply=\"border margin background  el-e33d4fbf\"><div class=\"vce-col-content\" data-vce-element-content=\"true\" data-vce-do-apply=\"padding el-e33d4fbf\"><div class=\"vce-single-image-container vce-single-image--align-left\"><div class=\"vce vce-single-image-wrapper\" id=\"el-7725654d\" data-vce-do-apply=\"all el-7725654d\"><figure><div class=\"vce-single-image-inner vce-single-image--absolute\" style=\"padding-bottom: 65.8203%; width: 512px;\"><img class=\"vce-single-image\" src=\"http:\/\/expertosenasesoria.com\/wp-content\/uploads\/2020\/08\/Impuestos-y-Anexos.jpg\" data-img-src=\"http:\/\/expertosenasesoria.com\/wp-content\/uploads\/2020\/08\/Impuestos-y-Anexos.jpg\" alt=\"\" title=\"servicios_13\"><\/div><figcaption hidden=\"\"><\/figcaption><\/figure><\/div><\/div><\/div><\/div><\/div><div class=\"vce-col vce-col--md-52-2p vce-col--xs-1 vce-col--xs-last vce-col--xs-first vce-col--sm-last vce-col--sm-first vce-col--md-last vce-col--lg-last vce-col--xl-last\" id=\"el-6e0d1d3d\"><div class=\"vce-col-inner\" data-vce-do-apply=\"border margin background  el-6e0d1d3d\"><div class=\"vce-col-content\" data-vce-element-content=\"true\" data-vce-do-apply=\"padding el-6e0d1d3d\"><div class=\"vce-text-block\"><div class=\"vce-text-block-wrapper vce\" id=\"el-d3b1f909\" data-vce-do-apply=\"all el-d3b1f909\"><p><span style=\"font-family: georgia, palatino, serif; letter-spacing: inherit; color: #0000ff;\">Tenemos una s\u00f3lida combinaci\u00f3n de conocimientos tributarios y legales para brindar a los clientes una gu\u00eda integral en una amplia variedad de aspectos cr\u00edticos de negocios:<\/span><\/p><ul><li><span style=\"font-family: georgia, palatino, serif; color: #0000ff;\">&#8211; Elaboraci\u00f3n de Declaraciones de Impuestos y Anexos <\/span><\/li><li><span style=\"font-family: georgia, palatino, serif; color: #0000ff;\">&#8211; Pruebas sobre el cumplimiento de obligaciones tributarias y con otros organismos de&nbsp; &nbsp; &nbsp; &nbsp;control, en las siguientes \u00e1reas: impuesto a la renta, participaci\u00f3n trabajadores,&nbsp; &nbsp; &nbsp; &nbsp; &nbsp; &nbsp; &nbsp; &nbsp;retenciones en la fuente de impuesto a la renta, declaraciones de IVA.<\/span><\/li><li><span style=\"font-family: georgia, palatino, serif; color: #0000ff;\">&#8211;&nbsp; Cumplimiento de las disposiciones como agente de percepci\u00f3n y retenci\u00f3n, c\u00e1lculo y&nbsp; &nbsp; &nbsp; &nbsp; sustento del cr\u00e9dito tributario, reglamento de comprobantes de venta y de retenci\u00f3n<\/span><\/li><li><span style=\"font-family: georgia, palatino, serif; letter-spacing: inherit; color: #0000ff;\">&#8211; Patentes municipales, impuesto sobre los activos, contribuci\u00f3n a la Superintendencia&nbsp; &nbsp; &nbsp;de Compa\u00f1\u00edas e impuesto a la salida de divisas, entre otras obligaciones tributarias.<\/span><\/li><li><span style=\"color: #0000ff; font-family: georgia, palatino, serif;\">&#8211; Preparamos el Informe de Cumplimiento Tributario<\/span><\/li><li><span style=\"font-family: georgia, palatino, serif;\"><span style=\"color: #0000ff;\">&#8211; Acompa\u00f1amiento en Requerimientos de Informaci\u00f3n por Determinaciones <\/span><\/span><\/li><li><span style=\"font-family: georgia, palatino, serif;\"><span style=\"color: #0000ff;\">&#8211; Tributarias y controles de Gesti\u00f3n por parte del Servicio de Rentas Internas.<\/span>&nbsp;<\/span><\/li><\/ul><\/div><\/div><\/div><\/div><\/div><\/div><\/div><\/div>\n","protected":false},"excerpt":{"rendered":"<p>Tenemos una s\u00f3lida combinaci\u00f3n de conocimientos tributarios y legales para brindar a los clientes una gu\u00eda integral en [&hellip;]<\/p>\n","protected":false},"author":1,"featured_media":159,"parent":35,"menu_order":0,"comment_status":"closed","ping_status":"closed","template":"","meta":[],"_links":{"self":[{"href":"http:\/\/expertosenasesoria.com\/index.php?rest_route=\/wp\/v2\/pages\/43"}],"collection":[{"href":"http:\/\/expertosenasesoria.com\/index.php?rest_route=\/wp\/v2\/pages"}],"about":[{"href":"http:\/\/expertosenasesoria.com\/index.php?rest_route=\/wp\/v2\/types\/page"}],"author":[{"embeddable":true,"href":"http:\/\/expertosenasesoria.com\/index.php?rest_route=\/wp\/v2\/users\/1"}],"replies":[{"embeddable":true,"href":"http:\/\/expertosenasesoria.com\/index.php?rest_route=%2Fwp%2Fv2%2Fcomments&post=43"}],"version-history":[{"count":7,"href":"http:\/\/expertosenasesoria.com\/index.php?rest_route=\/wp\/v2\/pages\/43\/revisions"}],"predecessor-version":[{"id":171,"href":"http:\/\/expertosenasesoria.com\/index.php?rest_route=\/wp\/v2\/pages\/43\/revisions\/171"}],"up":[{"embeddable":true,"href":"http:\/\/expertosenasesoria.com\/index.php?rest_route=\/wp\/v2\/pages\/35"}],"wp:featuredmedia":[{"embeddable":true,"href":"http:\/\/expertosenasesoria.com\/index.php?rest_route=\/wp\/v2\/media\/159"}],"wp:attachment":[{"href":"http:\/\/expertosenasesoria.com\/index.php?rest_route=%2Fwp%2Fv2%2Fmedia&parent=43"}],"curies":[{"name":"wp","href":"https:\/\/api.w.org\/{rel}","templated":true}]}}